{"id":284,"date":"2024-09-09T09:25:56","date_gmt":"2024-09-09T09:25:56","guid":{"rendered":"https:\/\/nueva.abriendocamino.org\/?page_id=284"},"modified":"2024-11-27T10:38:39","modified_gmt":"2024-11-27T10:38:39","slug":"servicios-tratamiento-clinico-mengibar","status":"publish","type":"page","link":"https:\/\/nueva.abriendocamino.org\/?page_id=284","title":{"rendered":"Servicios tratamiento cl\u00ednico"},"content":{"rendered":"<p>[et_pb_section fb_built=\u00bb1&#8243; admin_label=\u00bbHeader\u00bb _builder_version=\u00bb4.27.0&#8243; _module_preset=\u00bbdefault\u00bb background_color=\u00bb#fbf8f5&#8243; locked=\u00bboff\u00bb global_colors_info=\u00bb{}\u00bb][et_pb_row _builder_version=\u00bb4.16&#8243; _module_preset=\u00bbdefault\u00bb global_colors_info=\u00bb{}\u00bb][et_pb_column type=\u00bb4_4&#8243; _builder_version=\u00bb4.16&#8243; _module_preset=\u00bbdefault\u00bb global_colors_info=\u00bb{}\u00bb][et_pb_text _builder_version=\u00bb4.27.0&#8243; _module_preset=\u00bbdefault\u00bb header_font=\u00bbPatua One||||||||\u00bb header_font_size=\u00bb80px\u00bb header_line_height=\u00bb1.2em\u00bb header_3_font=\u00bbPatua One||||||||\u00bb header_3_text_color=\u00bb#dec098&#8243; header_3_font_size=\u00bb50px\u00bb header_3_line_height=\u00bb1.2em\u00bb text_orientation=\u00bbcenter\u00bb header_font_size_tablet=\u00bb48px\u00bb header_font_size_phone=\u00bb32px\u00bb header_font_size_last_edited=\u00bbon|phone\u00bb header_3_font_size_tablet=\u00bb30px\u00bb header_3_font_size_phone=\u00bb20px\u00bb header_3_font_size_last_edited=\u00bbon|phone\u00bb locked=\u00bboff\u00bb global_colors_info=\u00bb{}\u00bb]<\/p>\n<h1><strong>SERVICIOS TRATAMIENTO CL\u00cdNICO<\/strong><\/h1>\n<p>[\/et_pb_text][et_pb_text _builder_version=\u00bb4.27.0&#8243; _module_preset=\u00bbdefault\u00bb text_font_size=\u00bb18px\u00bb text_line_height=\u00bb1.8em\u00bb text_orientation=\u00bbcenter\u00bb custom_margin=\u00bb30px|||||\u00bb text_font_size_tablet=\u00bb16px\u00bb text_font_size_phone=\u00bb14px\u00bb text_font_size_last_edited=\u00bbon|phone\u00bb locked=\u00bboff\u00bb global_colors_info=\u00bb{}\u00bb]<\/p>\n<p>Enfocados en patolog\u00edas m\u00e1s severas, estos servicios cl\u00ednicos son cr\u00edticos para la mejora de la calidad de vida de los pacientes con condiciones f\u00edsicas y psicol\u00f3gicas.<\/p>\n<p>[\/et_pb_text][\/et_pb_column][\/et_pb_row][\/et_pb_section][et_pb_section fb_built=\u00bb1&#8243; admin_label=\u00bbBooking\u00bb _builder_version=\u00bb4.27.0&#8243; _module_preset=\u00bbdefault\u00bb background_color=\u00bb#fbf8f5&#8243; global_colors_info=\u00bb{}\u00bb][et_pb_row column_structure=\u00bb1_2,1_2&#8243; _builder_version=\u00bb4.27.0&#8243; _module_preset=\u00bbdefault\u00bb custom_margin=\u00bb||40px||false|false\u00bb border_radii=\u00bbon|10px|10px|10px|10px\u00bb border_width_all=\u00bb1px\u00bb global_colors_info=\u00bb{}\u00bb][et_pb_column type=\u00bb1_2&#8243; _builder_version=\u00bb4.16&#8243; _module_preset=\u00bbdefault\u00bb global_colors_info=\u00bb{}\u00bb][et_pb_image src=\u00bbhttps:\/\/nueva.abriendocamino.org\/wp-content\/uploads\/2024\/09\/979011-removebg-preview.png\u00bb title_text=\u00bb979011-removebg-preview\u00bb _builder_version=\u00bb4.27.0&#8243; _module_preset=\u00bbdefault\u00bb width=\u00bb60%\u00bb max_width=\u00bb60%\u00bb hover_enabled=\u00bb0&#8243; global_colors_info=\u00bb{}\u00bb custom_margin=\u00bb|||10px|false|false\u00bb sticky_enabled=\u00bb0&#8243;][\/et_pb_image][\/et_pb_column][et_pb_column type=\u00bb1_2&#8243; _builder_version=\u00bb4.16&#8243; _module_preset=\u00bbdefault\u00bb custom_padding=\u00bb100px||||false|false\u00bb custom_padding_tablet=\u00bb0px||||false|false\u00bb custom_padding_phone=\u00bb\u00bb custom_padding_last_edited=\u00bbon|tablet\u00bb global_colors_info=\u00bb{}\u00bb][et_pb_text _builder_version=\u00bb4.27.0&#8243; _module_preset=\u00bbdefault\u00bb text_line_height=\u00bb1.8em\u00bb header_3_font=\u00bbPatua One||||||||\u00bb header_3_font_size=\u00bb30px\u00bb header_3_line_height=\u00bb1.2em\u00bb custom_margin=\u00bb-40px||||false|false\u00bb header_3_font_size_tablet=\u00bb20px\u00bb header_3_font_size_phone=\u00bb18px\u00bb header_3_font_size_last_edited=\u00bbon|phone\u00bb locked=\u00bboff\u00bb global_colors_info=\u00bb{}\u00bb]<\/p>\n<h3>Logopedia<\/h3>\n<ul>\n<li>Degluci\u00f3n at\u00edpica<\/li>\n<li>Afasia, disfagia<\/li>\n<li>Implementaci\u00f3n de SAAC (Sistema Alternativo y Aumentativo de Comunicaci\u00f3n)<\/li>\n<li>Deterioro cognitivo por patolog\u00eda adquirida<\/li>\n<\/ul>\n<p>[\/et_pb_text][\/et_pb_column][\/et_pb_row][et_pb_row column_structure=\u00bb1_2,1_2&#8243; _builder_version=\u00bb4.27.0&#8243; _module_preset=\u00bbdefault\u00bb custom_margin=\u00bb||40px||false|false\u00bb border_radii=\u00bbon|10px|10px|10px|10px\u00bb border_width_all=\u00bb1px\u00bb global_colors_info=\u00bb{}\u00bb][et_pb_column type=\u00bb1_2&#8243; _builder_version=\u00bb4.16&#8243; _module_preset=\u00bbdefault\u00bb global_colors_info=\u00bb{}\u00bb][et_pb_image src=\u00bbhttps:\/\/nueva.abriendocamino.org\/wp-content\/uploads\/2024\/09\/psychology-icon-design-free-vector-removebg-preview.png\u00bb title_text=\u00bbpsychology-icon-design-free-vector-removebg-preview\u00bb _builder_version=\u00bb4.27.0&#8243; _module_preset=\u00bbdefault\u00bb width=\u00bb60%\u00bb max_width=\u00bb60%\u00bb hover_enabled=\u00bb0&#8243; global_colors_info=\u00bb{}\u00bb custom_margin=\u00bb|||10px|false|false\u00bb sticky_enabled=\u00bb0&#8243;][\/et_pb_image][\/et_pb_column][et_pb_column type=\u00bb1_2&#8243; _builder_version=\u00bb4.16&#8243; _module_preset=\u00bbdefault\u00bb custom_padding=\u00bb100px||||false|false\u00bb custom_padding_tablet=\u00bb0px||||false|false\u00bb custom_padding_phone=\u00bb\u00bb custom_padding_last_edited=\u00bbon|tablet\u00bb global_colors_info=\u00bb{}\u00bb][et_pb_text _builder_version=\u00bb4.27.0&#8243; _module_preset=\u00bbdefault\u00bb text_line_height=\u00bb1.8em\u00bb header_3_font=\u00bbPatua One||||||||\u00bb header_3_font_size=\u00bb30px\u00bb header_3_line_height=\u00bb1.2em\u00bb custom_margin=\u00bb-40px||||false|false\u00bb header_3_font_size_tablet=\u00bb20px\u00bb header_3_font_size_phone=\u00bb18px\u00bb header_3_font_size_last_edited=\u00bbon|phone\u00bb locked=\u00bboff\u00bb global_colors_info=\u00bb{}\u00bb]<\/p>\n<h3>Psicologia<\/h3>\n<ul>\n<li>Trastornos afectivos (ansiedad, depresi\u00f3n, etc.)<\/li>\n<li>Trastornos de conducta<\/li>\n<li>Trastornos alimenticios<\/li>\n<li>Deterioro cognitivo por patolog\u00edas adquiridas (ictus, alzheimer, parkinson, etc.)<\/li>\n<\/ul>\n<p>[\/et_pb_text][\/et_pb_column][\/et_pb_row][et_pb_row column_structure=\u00bb1_2,1_2&#8243; _builder_version=\u00bb4.27.0&#8243; _module_preset=\u00bbdefault\u00bb custom_margin=\u00bb||40px||false|false\u00bb border_radii=\u00bbon|10px|10px|10px|10px\u00bb border_width_all=\u00bb1px\u00bb global_colors_info=\u00bb{}\u00bb][et_pb_column type=\u00bb1_2&#8243; _builder_version=\u00bb4.16&#8243; _module_preset=\u00bbdefault\u00bb global_colors_info=\u00bb{}\u00bb][et_pb_image src=\u00bbhttps:\/\/nueva.abriendocamino.org\/wp-content\/uploads\/2024\/09\/6180520-removebg-preview.png\u00bb title_text=\u00bb6180520-removebg-preview\u00bb _builder_version=\u00bb4.27.0&#8243; _module_preset=\u00bbdefault\u00bb width=\u00bb59.9%\u00bb max_width=\u00bb60%\u00bb hover_enabled=\u00bb0&#8243; global_colors_info=\u00bb{}\u00bb custom_margin=\u00bb|||20px|false|false\u00bb sticky_enabled=\u00bb0&#8243;][\/et_pb_image][\/et_pb_column][et_pb_column type=\u00bb1_2&#8243; _builder_version=\u00bb4.16&#8243; _module_preset=\u00bbdefault\u00bb custom_padding=\u00bb100px||||false|false\u00bb custom_padding_tablet=\u00bb0px||||false|false\u00bb custom_padding_phone=\u00bb\u00bb custom_padding_last_edited=\u00bbon|tablet\u00bb global_colors_info=\u00bb{}\u00bb][et_pb_text _builder_version=\u00bb4.27.0&#8243; _module_preset=\u00bbdefault\u00bb text_line_height=\u00bb1.8em\u00bb header_3_font=\u00bbPatua One||||||||\u00bb header_3_font_size=\u00bb30px\u00bb header_3_line_height=\u00bb1.2em\u00bb custom_margin=\u00bb-40px||||false|false\u00bb header_3_font_size_tablet=\u00bb20px\u00bb header_3_font_size_phone=\u00bb18px\u00bb header_3_font_size_last_edited=\u00bbon|phone\u00bb locked=\u00bboff\u00bb global_colors_info=\u00bb{}\u00bb]<\/p>\n<h3>Fisioterapia<\/h3>\n<ul>\n<li>Trastornos neurol\u00f3gicos adquiridos (demencia, ictus, parkinson, etc.)<\/li>\n<li>Lesiones medulares, musculares y articulares<\/li>\n<li>Tratamientos neurodin\u00e1micos<\/li>\n<\/ul>\n<p>[\/et_pb_text][\/et_pb_column][\/et_pb_row][\/et_pb_section]<\/p>\n","protected":false},"excerpt":{"rendered":"<p>SERVICIOS TRATAMIENTO CL\u00cdNICOEnfocados en patolog\u00edas m\u00e1s severas, estos servicios cl\u00ednicos son cr\u00edticos para la mejora de la calidad de vida de los pacientes con condiciones f\u00edsicas y psicol\u00f3gicas.Logopedia Degluci\u00f3n at\u00edpica Afasia, disfagia Implementaci\u00f3n de SAAC (Sistema Alternativo y Aumentativo de Comunicaci\u00f3n) Deterioro cognitivo por patolog\u00eda adquirida Psicologia Trastornos afectivos (ansiedad, depresi\u00f3n, etc.) Trastornos de conducta [&hellip;]<\/p>\n","protected":false},"author":1,"featured_media":0,"parent":0,"menu_order":0,"comment_status":"closed","ping_status":"closed","template":"","meta":{"_et_pb_use_builder":"on","_et_pb_old_content":"","_et_gb_content_width":"","footnotes":""},"class_list":["post-284","page","type-page","status-publish","hentry"],"_links":{"self":[{"href":"https:\/\/nueva.abriendocamino.org\/index.php?rest_route=\/wp\/v2\/pages\/284","targetHints":{"allow":["GET"]}}],"collection":[{"href":"https:\/\/nueva.abriendocamino.org\/index.php?rest_route=\/wp\/v2\/pages"}],"about":[{"href":"https:\/\/nueva.abriendocamino.org\/index.php?rest_route=\/wp\/v2\/types\/page"}],"author":[{"embeddable":true,"href":"https:\/\/nueva.abriendocamino.org\/index.php?rest_route=\/wp\/v2\/users\/1"}],"replies":[{"embeddable":true,"href":"https:\/\/nueva.abriendocamino.org\/index.php?rest_route=%2Fwp%2Fv2%2Fcomments&post=284"}],"version-history":[{"count":12,"href":"https:\/\/nueva.abriendocamino.org\/index.php?rest_route=\/wp\/v2\/pages\/284\/revisions"}],"predecessor-version":[{"id":537,"href":"https:\/\/nueva.abriendocamino.org\/index.php?rest_route=\/wp\/v2\/pages\/284\/revisions\/537"}],"wp:attachment":[{"href":"https:\/\/nueva.abriendocamino.org\/index.php?rest_route=%2Fwp%2Fv2%2Fmedia&parent=284"}],"curies":[{"name":"wp","href":"https:\/\/api.w.org\/{rel}","templated":true}]}}