{"id":277,"date":"2024-09-09T09:18:57","date_gmt":"2024-09-09T09:18:57","guid":{"rendered":"https:\/\/nueva.abriendocamino.org\/?page_id=277"},"modified":"2024-11-28T11:42:42","modified_gmt":"2024-11-28T11:42:42","slug":"servicios-generales-mengibar","status":"publish","type":"page","link":"https:\/\/nueva.abriendocamino.org\/?page_id=277","title":{"rendered":"Servicios generales"},"content":{"rendered":"<p>[et_pb_section fb_built=\u00bb1&#8243; admin_label=\u00bbHeader\u00bb _builder_version=\u00bb4.27.0&#8243; _module_preset=\u00bbdefault\u00bb background_color=\u00bb#fbf8f5&#8243; hover_enabled=\u00bb0&#8243; locked=\u00bboff\u00bb global_colors_info=\u00bb{}\u00bb custom_padding=\u00bb0px|0px|0px|0px|false|false\u00bb sticky_enabled=\u00bb0&#8243;][et_pb_row _builder_version=\u00bb4.16&#8243; _module_preset=\u00bbdefault\u00bb min_height=\u00bb223.1px\u00bb global_colors_info=\u00bb{}\u00bb][et_pb_column type=\u00bb4_4&#8243; _builder_version=\u00bb4.16&#8243; _module_preset=\u00bbdefault\u00bb global_colors_info=\u00bb{}\u00bb][et_pb_text _builder_version=\u00bb4.27.0&#8243; _module_preset=\u00bbdefault\u00bb header_font=\u00bbPatua One||||||||\u00bb header_font_size=\u00bb80px\u00bb header_line_height=\u00bb1.2em\u00bb header_3_font=\u00bbPatua One||||||||\u00bb header_3_text_color=\u00bb#dec098&#8243; header_3_font_size=\u00bb50px\u00bb header_3_line_height=\u00bb1.2em\u00bb text_orientation=\u00bbcenter\u00bb header_font_size_tablet=\u00bb48px\u00bb header_font_size_phone=\u00bb32px\u00bb header_font_size_last_edited=\u00bbon|phone\u00bb header_3_font_size_tablet=\u00bb30px\u00bb header_3_font_size_phone=\u00bb20px\u00bb header_3_font_size_last_edited=\u00bbon|phone\u00bb locked=\u00bboff\u00bb global_colors_info=\u00bb{}\u00bb]<\/p>\n<h1>Servicios generales<\/h1>\n<p>[\/et_pb_text][et_pb_text _builder_version=\u00bb4.27.0&#8243; _module_preset=\u00bbdefault\u00bb text_font_size=\u00bb18px\u00bb text_line_height=\u00bb1.8em\u00bb text_orientation=\u00bbcenter\u00bb custom_margin=\u00bb30px|||||\u00bb text_font_size_tablet=\u00bb16px\u00bb text_font_size_phone=\u00bb14px\u00bb text_font_size_last_edited=\u00bbon|phone\u00bb locked=\u00bboff\u00bb global_colors_info=\u00bb{}\u00bb]<\/p>\n<p>Estos servicios son esenciales y de primera l\u00ednea, brindando soporte a una amplia gama de usuarios, desde ni\u00f1os hasta adultos.<\/p>\n<p>[\/et_pb_text][et_pb_button button_alignment=\u00bbcenter\u00bb _builder_version=\u00bb4.27.0&#8243; _module_preset=\u00bbdefault\u00bb custom_button=\u00bbon\u00bb button_text_size=\u00bb12px\u00bb button_text_color=\u00bb#ffffff\u00bb button_bg_color=\u00bb#242424&#8243; button_border_width=\u00bb0px\u00bb button_border_radius=\u00bb0px\u00bb button_letter_spacing=\u00bb3px\u00bb button_font=\u00bb|700||on|||||\u00bb custom_padding=\u00bb15px|20px|15px|20px|true|true\u00bb locked=\u00bboff\u00bb global_colors_info=\u00bb{}\u00bb][\/et_pb_button][\/et_pb_column][\/et_pb_row][\/et_pb_section][et_pb_section fb_built=\u00bb1&#8243; admin_label=\u00bbBooking\u00bb _builder_version=\u00bb4.27.0&#8243; _module_preset=\u00bbdefault\u00bb background_color=\u00bb#fbf8f5&#8243; min_height=\u00bb511.9px\u00bb hover_enabled=\u00bb0&#8243; global_colors_info=\u00bb{}\u00bb sticky_enabled=\u00bb0&#8243;][et_pb_row column_structure=\u00bb1_2,1_2&#8243; _builder_version=\u00bb4.27.0&#8243; _module_preset=\u00bbdefault\u00bb hover_enabled=\u00bb0&#8243; border_radii=\u00bbon|10px|10px|10px|10px\u00bb border_width_all=\u00bb1px\u00bb global_colors_info=\u00bb{}\u00bb link_option_url=\u00bbhttps:\/\/nueva.abriendocamino.org\/?page_id=541&#8243; sticky_enabled=\u00bb0&#8243; min_height=\u00bb523.3px\u00bb][et_pb_column type=\u00bb1_2&#8243; _builder_version=\u00bb4.16&#8243; _module_preset=\u00bbdefault\u00bb global_colors_info=\u00bb{}\u00bb][et_pb_image src=\u00bbhttps:\/\/nueva.abriendocamino.org\/wp-content\/uploads\/2024\/09\/Captura_de_pantalla_2024-09-09_134527-removebg-preview.png\u00bb title_text=\u00bbCaptura_de_pantalla_2024-09-09_134527-removebg-preview\u00bb show_bottom_space=\u00bboff\u00bb align=\u00bbcenter\u00bb _builder_version=\u00bb4.27.0&#8243; _module_preset=\u00bbdefault\u00bb custom_padding=\u00bb||40px||false|false\u00bb hover_enabled=\u00bb0&#8243; global_colors_info=\u00bb{}\u00bb min_height=\u00bb358px\u00bb custom_margin=\u00bb45px||||false|false\u00bb sticky_enabled=\u00bb0&#8243;][\/et_pb_image][\/et_pb_column][et_pb_column type=\u00bb1_2&#8243; _builder_version=\u00bb4.16&#8243; _module_preset=\u00bbdefault\u00bb custom_padding=\u00bb100px||||false|false\u00bb custom_padding_tablet=\u00bb0px||||false|false\u00bb custom_padding_phone=\u00bb\u00bb custom_padding_last_edited=\u00bbon|tablet\u00bb global_colors_info=\u00bb{}\u00bb][et_pb_text _builder_version=\u00bb4.27.0&#8243; _module_preset=\u00bbdefault\u00bb text_line_height=\u00bb1.8em\u00bb header_3_font=\u00bbPatua One||||||||\u00bb header_3_font_size=\u00bb30px\u00bb header_3_line_height=\u00bb1.2em\u00bb custom_margin=\u00bb-66px|||||\u00bb hover_enabled=\u00bb0&#8243; header_3_font_size_tablet=\u00bb20px\u00bb header_3_font_size_phone=\u00bb18px\u00bb header_3_font_size_last_edited=\u00bbon|phone\u00bb locked=\u00bboff\u00bb global_colors_info=\u00bb{}\u00bb theme_builder_area=\u00bbpost_content\u00bb sticky_enabled=\u00bb0&#8243;]<\/p>\n<h3>Programa \u00abPro Mueve Vida\u00bb<\/h3>\n<p>Durante este mes de octubre se desarrolla el proyecto \u00abPro Mueve Vida\u00bb, subvencionado por el \u00c1rea de Igualdad de la Excma. Diputaci\u00f3n Provincial de Ja\u00e9n. Este programa tiene como objetivo mejorar el bienestar de las personas mayores, promoviendo su autonom\u00eda y calidad de vida.<\/p>\n<p>Est\u00e1 dirigido tanto a quienes, sin enfermedades espec\u00edficas, necesitan actividades que estimulen y mantengan sus capacidades, como a quienes, tras enfrentar una enfermedad o discapacidad, requieren apoyo para retomar o construir un proyecto de vida significativo.<\/p>\n<p>El programa ofrece estimulaci\u00f3n integral, acompa\u00f1amiento emocional y estrategias para fomentar la independencia, adem\u00e1s de actividades grupales para combatir el aislamiento social. \u00abPro Mueve Vida\u00bb refuerza el compromiso con nuestros mayores, garantizando una atenci\u00f3n cercana, digna y adaptada a sus necesidades.<\/p>\n<p>[\/et_pb_text][et_pb_wc_add_to_cart product=\u00bb215&#8243; _builder_version=\u00bb4.27.0&#8243; _module_preset=\u00bbdefault\u00bb global_colors_info=\u00bb{}\u00bb][\/et_pb_wc_add_to_cart][et_pb_wc_add_to_cart product=\u00bb215&#8243; _builder_version=\u00bb4.27.0&#8243; _module_preset=\u00bbdefault\u00bb global_colors_info=\u00bb{}\u00bb][\/et_pb_wc_add_to_cart][\/et_pb_column][\/et_pb_row][\/et_pb_section][et_pb_section fb_built=\u00bb1&#8243; admin_label=\u00bbBooking\u00bb _builder_version=\u00bb4.27.0&#8243; _module_preset=\u00bbdefault\u00bb background_color=\u00bb#fbf8f5&#8243; global_colors_info=\u00bb{}\u00bb][et_pb_row column_structure=\u00bb1_2,1_2&#8243; _builder_version=\u00bb4.27.0&#8243; _module_preset=\u00bbdefault\u00bb min_height=\u00bb476.9px\u00bb custom_margin=\u00bb||55px||false|false\u00bb custom_padding=\u00bb||||false|false\u00bb hover_enabled=\u00bb0&#8243; border_radii=\u00bbon|10px|10px|10px|10px\u00bb border_width_all=\u00bb1px\u00bb global_colors_info=\u00bb{}\u00bb sticky_enabled=\u00bb0&#8243;][et_pb_column type=\u00bb1_2&#8243; _builder_version=\u00bb4.27.0&#8243; _module_preset=\u00bbdefault\u00bb global_colors_info=\u00bb{}\u00bb][et_pb_image src=\u00bbhttps:\/\/nueva.abriendocamino.org\/wp-content\/uploads\/2024\/09\/png-transparent-social-work-social-services-computer-icons-social-work-text-hand-logo-removebg-preview.png\u00bb title_text=\u00bbpng-transparent-social-work-social-services-computer-icons-social-work-text-hand-logo-removebg-preview\u00bb show_bottom_space=\u00bboff\u00bb align=\u00bbcenter\u00bb _builder_version=\u00bb4.27.0&#8243; _module_preset=\u00bbdefault\u00bb width=\u00bb70%\u00bb custom_margin=\u00bb||||false|false\u00bb custom_padding=\u00bb||||false|false\u00bb global_colors_info=\u00bb{}\u00bb][\/et_pb_image][\/et_pb_column][et_pb_column type=\u00bb1_2&#8243; _builder_version=\u00bb4.16&#8243; _module_preset=\u00bbdefault\u00bb custom_padding=\u00bb100px||||false|false\u00bb custom_padding_tablet=\u00bb0px||||false|false\u00bb custom_padding_phone=\u00bb\u00bb custom_padding_last_edited=\u00bbon|tablet\u00bb global_colors_info=\u00bb{}\u00bb][et_pb_text _builder_version=\u00bb4.27.0&#8243; _module_preset=\u00bbdefault\u00bb text_line_height=\u00bb1.8em\u00bb header_3_font=\u00bbPatua One||||||||\u00bb header_3_font_size=\u00bb30px\u00bb header_3_line_height=\u00bb1.2em\u00bb custom_margin=\u00bb-66px|||||\u00bb hover_enabled=\u00bb0&#8243; header_3_font_size_tablet=\u00bb20px\u00bb header_3_font_size_phone=\u00bb18px\u00bb header_3_font_size_last_edited=\u00bbon|phone\u00bb locked=\u00bboff\u00bb global_colors_info=\u00bb{}\u00bb sticky_enabled=\u00bb0&#8243;]<\/p>\n<h3>Trabajo social<\/h3>\n<p>Desde el \u00c1rea de Trabajo Social, se responde a las necesidades y demandas de las personas con discapacidad y sus familias, proporcionando los apoyos necesarios para mejorar su calidad de vida y bienestar. Entre las funciones que se desarrollan, se incluyen:<\/p>\n<ul>\n<li>Asesorar, orientar e informar a las personas con discapacidad.<\/li>\n<li>Ofrecer una atenci\u00f3n personalizada y especializada a los familiares.<\/li>\n<li>Informar y gestionar la tramitaci\u00f3n de ayudas individuales.<\/li>\n<li>Elaborar, supervisar y justificar ayudas institucionales.<\/li>\n<li>Dise\u00f1ar y gestionar proyectos sociales.<\/li>\n<\/ul>\n<p>Con esta labor, se busca contribuir al bienestar integral de las personas y fomentar su inclusi\u00f3n plena en la sociedad.<\/p>\n<p>[\/et_pb_text][et_pb_wc_add_to_cart product=\u00bb215&#8243; _builder_version=\u00bb4.27.0&#8243; _module_preset=\u00bbdefault\u00bb global_colors_info=\u00bb{}\u00bb][\/et_pb_wc_add_to_cart][et_pb_wc_add_to_cart product=\u00bb215&#8243; _builder_version=\u00bb4.27.0&#8243; _module_preset=\u00bbdefault\u00bb global_colors_info=\u00bb{}\u00bb][\/et_pb_wc_add_to_cart][\/et_pb_column][\/et_pb_row][et_pb_row column_structure=\u00bb1_2,1_2&#8243; _builder_version=\u00bb4.27.0&#8243; _module_preset=\u00bbdefault\u00bb min_height=\u00bb530.9px\u00bb hover_enabled=\u00bb0&#8243; border_radii=\u00bbon|10px|10px|10px|10px\u00bb border_width_all=\u00bb1px\u00bb global_colors_info=\u00bb{}\u00bb sticky_enabled=\u00bb0&#8243; custom_margin=\u00bb||||false|false\u00bb][et_pb_column type=\u00bb1_2&#8243; _builder_version=\u00bb4.16&#8243; _module_preset=\u00bbdefault\u00bb global_colors_info=\u00bb{}\u00bb][et_pb_image src=\u00bbhttps:\/\/nueva.abriendocamino.org\/wp-content\/uploads\/2024\/09\/icono-05-removebg-preview.png\u00bb title_text=\u00bbicono-05-removebg-preview\u00bb show_bottom_space=\u00bboff\u00bb align=\u00bbcenter\u00bb _builder_version=\u00bb4.27.0&#8243; _module_preset=\u00bbdefault\u00bb global_colors_info=\u00bb{}\u00bb][\/et_pb_image][\/et_pb_column][et_pb_column type=\u00bb1_2&#8243; _builder_version=\u00bb4.16&#8243; _module_preset=\u00bbdefault\u00bb custom_padding=\u00bb100px||||false|false\u00bb custom_padding_tablet=\u00bb0px||||false|false\u00bb custom_padding_phone=\u00bb\u00bb custom_padding_last_edited=\u00bbon|tablet\u00bb global_colors_info=\u00bb{}\u00bb][et_pb_text _builder_version=\u00bb4.27.0&#8243; _module_preset=\u00bbdefault\u00bb text_line_height=\u00bb1.8em\u00bb header_3_font=\u00bbPatua One||||||||\u00bb header_3_font_size=\u00bb30px\u00bb header_3_line_height=\u00bb1.2em\u00bb custom_margin=\u00bb-95px|||||\u00bb header_3_font_size_tablet=\u00bb20px\u00bb header_3_font_size_phone=\u00bb18px\u00bb header_3_font_size_last_edited=\u00bbon|phone\u00bb locked=\u00bboff\u00bb global_colors_info=\u00bb{}\u00bb]<\/p>\n<h3>Atenci\u00f3n temprana<\/h3>\n<p>El \u00e1rea de Atenci\u00f3n Temprana utiliza t\u00e9cnicas educativas especializadas y l\u00fadicas para fomentar el desarrollo de los ni\u00f1os desde la primera infancia. Estas actividades buscan corregir posibles trastornos en su desarrollo o estimular capacidades compensatorias, facilitando su interacci\u00f3n con el entorno humano y f\u00edsico.<\/p>\n<p>Las principales \u00e1reas de intervenci\u00f3n son:<\/p>\n<ul>\n<li><strong>Cognitiva<\/strong>: Desarrolla la capacidad de razonar, prestar atenci\u00f3n y adaptarse a nuevas situaciones.<\/li>\n<li><strong>Motriz<\/strong>: Mejora la movilidad, coordinaci\u00f3n y destreza manual.<\/li>\n<li><strong>Lenguaje<\/strong>: Facilita la comunicaci\u00f3n comprensiva, expresiva y gestual.<\/li>\n<li><strong>Socioemocional<\/strong>: Promueve la socializaci\u00f3n y el manejo de experiencias afectivas.<\/li>\n<\/ul>\n<p>Estas intervenciones buscan un desarrollo integral del ni\u00f1o en todas sus \u00e1reas.<\/p>\n<p>[\/et_pb_text][et_pb_wc_add_to_cart product=\u00bb215&#8243; _builder_version=\u00bb4.27.0&#8243; _module_preset=\u00bbdefault\u00bb global_colors_info=\u00bb{}\u00bb][\/et_pb_wc_add_to_cart][et_pb_wc_add_to_cart product=\u00bb215&#8243; _builder_version=\u00bb4.27.0&#8243; _module_preset=\u00bbdefault\u00bb global_colors_info=\u00bb{}\u00bb][\/et_pb_wc_add_to_cart][\/et_pb_column][\/et_pb_row][\/et_pb_section]<\/p>\n","protected":false},"excerpt":{"rendered":"<p>Servicios generalesEstos servicios son esenciales y de primera l\u00ednea, brindando soporte a una amplia gama de usuarios, desde ni\u00f1os hasta adultos.Programa \u00abPro Mueve Vida\u00bb Durante este mes de octubre se desarrolla el proyecto \u00abPro Mueve Vida\u00bb, subvencionado por el \u00c1rea de Igualdad de la Excma. Diputaci\u00f3n Provincial de Ja\u00e9n. Este programa tiene como objetivo mejorar [&hellip;]<\/p>\n","protected":false},"author":1,"featured_media":0,"parent":0,"menu_order":0,"comment_status":"closed","ping_status":"closed","template":"","meta":{"_et_pb_use_builder":"on","_et_pb_old_content":"","_et_gb_content_width":"","footnotes":""},"class_list":["post-277","page","type-page","status-publish","hentry"],"_links":{"self":[{"href":"https:\/\/nueva.abriendocamino.org\/index.php?rest_route=\/wp\/v2\/pages\/277","targetHints":{"allow":["GET"]}}],"collection":[{"href":"https:\/\/nueva.abriendocamino.org\/index.php?rest_route=\/wp\/v2\/pages"}],"about":[{"href":"https:\/\/nueva.abriendocamino.org\/index.php?rest_route=\/wp\/v2\/types\/page"}],"author":[{"embeddable":true,"href":"https:\/\/nueva.abriendocamino.org\/index.php?rest_route=\/wp\/v2\/users\/1"}],"replies":[{"embeddable":true,"href":"https:\/\/nueva.abriendocamino.org\/index.php?rest_route=%2Fwp%2Fv2%2Fcomments&post=277"}],"version-history":[{"count":20,"href":"https:\/\/nueva.abriendocamino.org\/index.php?rest_route=\/wp\/v2\/pages\/277\/revisions"}],"predecessor-version":[{"id":547,"href":"https:\/\/nueva.abriendocamino.org\/index.php?rest_route=\/wp\/v2\/pages\/277\/revisions\/547"}],"wp:attachment":[{"href":"https:\/\/nueva.abriendocamino.org\/index.php?rest_route=%2Fwp%2Fv2%2Fmedia&parent=277"}],"curies":[{"name":"wp","href":"https:\/\/api.w.org\/{rel}","templated":true}]}}