{"id":144,"date":"2024-09-05T10:40:02","date_gmt":"2024-09-05T10:40:02","guid":{"rendered":"https:\/\/nueva.abriendocamino.org\/?page_id=144"},"modified":"2024-11-12T12:22:22","modified_gmt":"2024-11-12T12:22:22","slug":"nosotros","status":"publish","type":"page","link":"https:\/\/nueva.abriendocamino.org\/?page_id=144","title":{"rendered":"Nosotros"},"content":{"rendered":"<p>[et_pb_section fb_built=\u00bb1&#8243; custom_padding_last_edited=\u00bboff|desktop\u00bb admin_label=\u00bbHeader\u00bb _builder_version=\u00bb4.27.0&#8243; _module_preset=\u00bbdefault\u00bb background_color=\u00bb#fbf8f5&#8243; background_enable_image=\u00bboff\u00bb overflow-x=\u00bbhidden\u00bb overflow-y=\u00bbhidden\u00bb custom_padding_phone=\u00bb60px||0px||false|false\u00bb hover_enabled=\u00bb0&#8243; locked=\u00bboff\u00bb global_colors_info=\u00bb{}\u00bb sticky_enabled=\u00bb0&#8243;][et_pb_row column_structure=\u00bb2_3,1_3&#8243; _builder_version=\u00bb4.27.0&#8243; _module_preset=\u00bbdefault\u00bb global_colors_info=\u00bb{}\u00bb][et_pb_column type=\u00bb2_3&#8243; _builder_version=\u00bb4.16&#8243; _module_preset=\u00bbdefault\u00bb global_colors_info=\u00bb{}\u00bb][et_pb_text _builder_version=\u00bb4.27.0&#8243; _module_preset=\u00bbdefault\u00bb header_font=\u00bbPatua One||||||||\u00bb header_font_size=\u00bb80px\u00bb header_line_height=\u00bb1.2em\u00bb header_font_size_tablet=\u00bb48px\u00bb header_font_size_phone=\u00bb32px\u00bb header_font_size_last_edited=\u00bbon|phone\u00bb locked=\u00bboff\u00bb global_colors_info=\u00bb{}\u00bb]<\/p>\n<h1>Sobre nosotros<\/h1>\n<p>[\/et_pb_text][et_pb_image src=\u00bbhttps:\/\/nueva.abriendocamino.org\/wp-content\/uploads\/2024\/09\/2026342d-ce9d-4986-82c5-83bc98ee01f6-scaled.jpg\u00bb title_text=\u00bb2026342d-ce9d-4986-82c5-83bc98ee01f6&#8243; align=\u00bbright\u00bb _builder_version=\u00bb4.27.0&#8243; _module_preset=\u00bbdefault\u00bb custom_margin=\u00bb||||false|false\u00bb border_radii=\u00bbon|20px|20px|20px|20px\u00bb global_colors_info=\u00bb{}\u00bb][\/et_pb_image][\/et_pb_column][et_pb_column type=\u00bb1_3&#8243; _builder_version=\u00bb4.16&#8243; _module_preset=\u00bbdefault\u00bb custom_padding=\u00bb100px||||false|false\u00bb custom_padding_tablet=\u00bb0px||||false|false\u00bb custom_padding_phone=\u00bb\u00bb custom_padding_last_edited=\u00bbon|tablet\u00bb global_colors_info=\u00bb{}\u00bb][et_pb_image src=\u00bbhttps:\/\/nueva.abriendocamino.org\/wp-content\/uploads\/2024\/09\/a997f7aa-e494-4bb9-8c26-74464b94852d-1-scaled.jpg\u00bb title_text=\u00bba997f7aa-e494-4bb9-8c26-74464b94852d (1)\u00bb _builder_version=\u00bb4.27.0&#8243; _module_preset=\u00bbdefault\u00bb width_tablet=\u00bb50%\u00bb width_phone=\u00bb\u00bb width_last_edited=\u00bbon|tablet\u00bb custom_margin=\u00bb-40px|-20vw|||false|false\u00bb custom_margin_tablet=\u00bb0px|0px|||false|false\u00bb custom_margin_phone=\u00bb\u00bb custom_margin_last_edited=\u00bbon|tablet\u00bb border_radii=\u00bbon|20px|20px|20px|20px\u00bb global_colors_info=\u00bb{}\u00bb][\/et_pb_image][\/et_pb_column][\/et_pb_row][et_pb_row _builder_version=\u00bb4.16&#8243; _module_preset=\u00bbdefault\u00bb max_width=\u00bb800px\u00bb global_colors_info=\u00bb{}\u00bb][et_pb_column type=\u00bb4_4&#8243; _builder_version=\u00bb4.16&#8243; _module_preset=\u00bbdefault\u00bb global_colors_info=\u00bb{}\u00bb][et_pb_text _builder_version=\u00bb4.27.0&#8243; _module_preset=\u00bbdefault\u00bb text_line_height=\u00bb1.8em\u00bb text_orientation=\u00bbjustified\u00bb global_colors_info=\u00bb{}\u00bb]<\/p>\n<div class=\"elementor-element elementor-element-b831927 elementor-widget elementor-widget-heading animated fadeIn\" data-id=\"b831927\" data-element_type=\"widget\" data-settings=\"{&quot;_animation&quot;:&quot;fadeIn&quot;,&quot;_animation_delay&quot;:200}\" data-widget_type=\"heading.default\">\n<div class=\"elementor-widget-container\">\n<p>La Asociaci\u00f3n de Discapacitados Abriendo Camino de Meng\u00edbar y Comarca est\u00e1 compuesta por un grupo de personas comprometidas con un prop\u00f3sito com\u00fan: mejorar la calidad de vida de las personas con discapacidad y de sus familias. Desde su creaci\u00f3n el 21 de noviembre de 2001, esta organizaci\u00f3n, de naturaleza asociativa y sin \u00e1nimo de lucro, ha trabajado incansablemente para ofrecer apoyo y recursos a quienes m\u00e1s lo necesitan.<\/p>\n<p>A lo largo de los a\u00f1os, cientos de ni\u00f1os han pasado por nuestras instalaciones, benefici\u00e1ndose de un ambiente de respeto, dedicaci\u00f3n y profesionalismo. En la Asociaci\u00f3n contamos con un equipo de ocho profesionales altamente cualificados, quienes, con esfuerzo y sensibilidad, brindan una atenci\u00f3n personalizada a cada ni\u00f1o y su familia, adaptando nuestros servicios a sus necesidades espec\u00edficas y promoviendo su desarrollo integral.<\/p>\n<\/div>\n<\/div>\n<p>[\/et_pb_text][\/et_pb_column][\/et_pb_row][\/et_pb_section][et_pb_section fb_built=\u00bb1&#8243; _builder_version=\u00bb4.27.0&#8243; _module_preset=\u00bbdefault\u00bb background_color=\u00bb#fbf8f5&#8243; hover_enabled=\u00bb0&#8243; global_colors_info=\u00bb{}\u00bb sticky_enabled=\u00bb0&#8243;][et_pb_row column_structure=\u00bb1_2,1_2&#8243; _builder_version=\u00bb4.27.0&#8243; _module_preset=\u00bbdefault\u00bb global_colors_info=\u00bb{}\u00bb][et_pb_column type=\u00bb1_2&#8243; _builder_version=\u00bb4.27.0&#8243; _module_preset=\u00bbdefault\u00bb global_colors_info=\u00bb{}\u00bb][et_pb_text _builder_version=\u00bb4.27.0&#8243; _module_preset=\u00bbdefault\u00bb global_colors_info=\u00bb{}\u00bb]<\/p>\n<div class=\"elementor-element elementor-element-467ae89 elementor-widget elementor-widget-heading animated fadeIn\" data-id=\"467ae89\" data-element_type=\"widget\" data-settings=\"{&quot;_animation&quot;:&quot;fadeIn&quot;,&quot;_animation_delay&quot;:200}\" data-widget_type=\"heading.default\">\n<div class=\"elementor-widget-container\">\n<h2 class=\"elementor-heading-title elementor-size-default\"><strong>Por y para vosotros<\/strong><\/h2>\n<p>&nbsp;<\/p>\n<p>&nbsp;<\/p>\n<\/div>\n<\/div>\n<div class=\"elementor-element elementor-element-d140058 elementor-align-left elementor-icon-list--layout-traditional elementor-list-item-link-full_width elementor-widget elementor-widget-icon-list\" data-id=\"d140058\" data-element_type=\"widget\" data-widget_type=\"icon-list.default\">\n<div class=\"elementor-widget-container\">\n<ul class=\"elementor-icon-list-items\">\n<li class=\"elementor-icon-list-item\" style=\"text-align: justify;\"><span class=\"elementor-icon-list-icon\"><i aria-hidden=\"true\" class=\"fas fa-dot-circle\"><\/i><\/span><span class=\"elementor-icon-list-text\">La primera sesi\u00f3n de asesoramiento es totalmente gratuita.<\/span><\/li>\n<li class=\"elementor-icon-list-item\" style=\"text-align: justify;\"><span class=\"elementor-icon-list-icon\"><i aria-hidden=\"true\" class=\"fas fa-dot-circle\"><\/i><\/span><span class=\"elementor-icon-list-text\">Las sesiones son totalmente individualizadas, nos centramos por completo en las casracter\u00edsticas de tu hijo\/a.<\/span><\/li>\n<li class=\"elementor-icon-list-item\" style=\"text-align: justify;\"><span class=\"elementor-icon-list-icon\"><i aria-hidden=\"true\" class=\"fas fa-dot-circle\"><\/i><\/span><span class=\"elementor-icon-list-text\">Planteamos los objetivos a llevar a cabo con tu hijo\/a en coordinaci\u00f3n con la familia y dem\u00e1s profesionales que sean necesarios.\u00a0<\/span><\/li>\n<li class=\"elementor-icon-list-item\" style=\"text-align: justify;\"><span class=\"elementor-icon-list-icon\"><i aria-hidden=\"true\" class=\"fas fa-dot-circle\"><\/i><\/span><span class=\"elementor-icon-list-text\">Contamos con las \u00faltimast\u00e9cnicas y pruebas de evaluaci\u00f3n para detectar y analizar las dificultades de desarrollo, lenguaje y\/o apredizaje.<\/span><\/li>\n<li class=\"elementor-icon-list-item\" style=\"text-align: justify;\"><span class=\"elementor-icon-list-icon\"><i aria-hidden=\"true\" class=\"fas fa-dot-circle\"><\/i><\/span><span class=\"elementor-icon-list-text\">Estamos en contacto con las familias a lo largo de todo el proceso sobre la evoluci\u00f3n de tu hijo\/a. Atendiendo a las necesidades y dudas que aparezcan en vuestro d\u00eda a d\u00eda.<\/span><\/li>\n<\/ul>\n<\/div>\n<\/div>\n<p>[\/et_pb_text][\/et_pb_column][et_pb_column type=\u00bb1_2&#8243; _builder_version=\u00bb4.27.0&#8243; _module_preset=\u00bbdefault\u00bb global_colors_info=\u00bb{}\u00bb][et_pb_image src=\u00bbhttps:\/\/nueva.abriendocamino.org\/wp-content\/uploads\/2024\/09\/6a6ee095-c71f-4b88-a1de-2071d5ff3e42-scaled.jpg\u00bb title_text=\u00bb6a6ee095-c71f-4b88-a1de-2071d5ff3e42&#8243; _builder_version=\u00bb4.27.0&#8243; _module_preset=\u00bbdefault\u00bb border_radii=\u00bbon|20px|20px|20px|20px\u00bb global_colors_info=\u00bb{}\u00bb][\/et_pb_image][\/et_pb_column][\/et_pb_row][\/et_pb_section][et_pb_section fb_built=\u00bb1&#8243; _builder_version=\u00bb4.27.0&#8243; _module_preset=\u00bbdefault\u00bb background_color=\u00bb#fbf8f5&#8243; hover_enabled=\u00bb0&#8243; global_colors_info=\u00bb{}\u00bb sticky_enabled=\u00bb0&#8243;][et_pb_row column_structure=\u00bb1_2,1_2&#8243; _builder_version=\u00bb4.27.0&#8243; _module_preset=\u00bbdefault\u00bb global_colors_info=\u00bb{}\u00bb][et_pb_column type=\u00bb1_2&#8243; _builder_version=\u00bb4.27.0&#8243; _module_preset=\u00bbdefault\u00bb global_colors_info=\u00bb{}\u00bb][et_pb_image src=\u00bbhttps:\/\/nueva.abriendocamino.org\/wp-content\/uploads\/2024\/11\/grupocasa.png\u00bb title_text=\u00bbgrupocasa\u00bb _builder_version=\u00bb4.27.0&#8243; _module_preset=\u00bbdefault\u00bb border_radii=\u00bbon|20px|20px|20px|20px\u00bb global_colors_info=\u00bb{}\u00bb][\/et_pb_image][\/et_pb_column][et_pb_column type=\u00bb1_2&#8243; _builder_version=\u00bb4.27.0&#8243; _module_preset=\u00bbdefault\u00bb global_colors_info=\u00bb{}\u00bb][et_pb_text _builder_version=\u00bb4.27.0&#8243; _module_preset=\u00bbdefault\u00bb global_colors_info=\u00bb{}\u00bb]<\/p>\n<div class=\"elementor-element elementor-element-b831927 elementor-widget elementor-widget-heading animated fadeIn\" data-id=\"b831927\" data-element_type=\"widget\" data-settings=\"{&quot;_animation&quot;:&quot;fadeIn&quot;,&quot;_animation_delay&quot;:200}\" data-widget_type=\"heading.default\">\n<div class=\"elementor-widget-container\">\n<h2 class=\"elementor-heading-title elementor-size-default\"><strong>Nuestra Comunidad<\/strong><\/h2>\n<\/div>\n<\/div>\n<div class=\"elementor-element elementor-element-f5861b7 elementor-widget elementor-widget-text-editor\" data-id=\"f5861b7\" data-element_type=\"widget\" data-widget_type=\"text-editor.default\">\n<div class=\"elementor-widget-container\">\n<p style=\"text-align: justify;\">\n<p style=\"text-align: justify;\">Los ni\u00f1os que forman parte de nuestro centro vienen de Meng\u00edbar y de otros pueblos cercanos, lo que nos permite crear un ambiente acogedor y bien integrado.<\/p>\n<p style=\"text-align: justify;\">Utilizamos estrategias din\u00e1micas, multisensoriales y respaldadas por la investigaci\u00f3n para ayudarles a desarrollar sus habilidades de aprendizaje.<\/p>\n<\/div>\n<\/div>\n<p>[\/et_pb_text][\/et_pb_column][\/et_pb_row][\/et_pb_section][et_pb_section fb_built=\u00bb1&#8243; _builder_version=\u00bb4.27.0&#8243; _module_preset=\u00bbdefault\u00bb background_color=\u00bb#fbf8f5&#8243; hover_enabled=\u00bb0&#8243; global_colors_info=\u00bb{}\u00bb sticky_enabled=\u00bb0&#8243;][et_pb_row column_structure=\u00bb1_2,1_2&#8243; _builder_version=\u00bb4.27.0&#8243; _module_preset=\u00bbdefault\u00bb global_colors_info=\u00bb{}\u00bb][et_pb_column type=\u00bb1_2&#8243; _builder_version=\u00bb4.27.0&#8243; _module_preset=\u00bbdefault\u00bb global_colors_info=\u00bb{}\u00bb][et_pb_text _builder_version=\u00bb4.27.0&#8243; _module_preset=\u00bbdefault\u00bb global_colors_info=\u00bb{}\u00bb]<\/p>\n<div class=\"elementor-element elementor-element-62c93ec elementor-widget elementor-widget-heading\" data-id=\"62c93ec\" data-element_type=\"widget\" data-widget_type=\"heading.default\" style=\"text-align: justify;\">\n<div class=\"elementor-widget-container\">\n<h2 class=\"elementor-heading-title elementor-size-default\"><\/h2>\n<h2 class=\"elementor-heading-title elementor-size-default\"><strong>Nuestros Objetivos<\/strong><\/h2>\n<p><span style=\"font-size: 14px;\">\u00a0<\/span><\/p>\n<\/div>\n<\/div>\n<div class=\"elementor-element elementor-element-d4c0760 elementor-align-left elementor-icon-list--layout-traditional elementor-list-item-link-full_width elementor-widget elementor-widget-icon-list\" data-id=\"d4c0760\" data-element_type=\"widget\" data-widget_type=\"icon-list.default\">\n<div class=\"elementor-widget-container\">\n<ul class=\"elementor-icon-list-items\">\n<li class=\"elementor-icon-list-item\" style=\"text-align: justify;\"><span class=\"elementor-icon-list-icon\"><i aria-hidden=\"true\" class=\"fas fa-dot-circle\"><\/i><\/span><span class=\"elementor-icon-list-text\">Velar por la educaci\u00f3n integral de las personas con discapacidad<\/span><\/li>\n<li class=\"elementor-icon-list-item\" style=\"text-align: justify;\"><span class=\"elementor-icon-list-icon\"><i aria-hidden=\"true\" class=\"fas fa-dot-circle\"><\/i><\/span><span class=\"elementor-icon-list-text\">Defender los derechos de los padres en cuanto concierne a la educaci\u00f3n integral de sus hijos.<\/span><\/li>\n<li class=\"elementor-icon-list-item\" style=\"text-align: justify;\"><span class=\"elementor-icon-list-icon\"><i aria-hidden=\"true\" class=\"fas fa-dot-circle\"><\/i><\/span><span class=\"elementor-icon-list-text\">Orientar y estimular a los padres en cuanto a las obligaciones que les incumben en relaci\u00f3n con la educaci\u00f3n \u2013 formaci\u00f3n \u2013 integraci\u00f3n de sus hijos.<\/span><\/li>\n<li class=\"elementor-icon-list-item\" style=\"text-align: justify;\"><span class=\"elementor-icon-list-icon\"><i aria-hidden=\"true\" class=\"fas fa-dot-circle\"><\/i><\/span><span class=\"elementor-icon-list-text\">Elegir sus representantes y participar activamente en las actividades programadas.<\/span><\/li>\n<li class=\"elementor-icon-list-item\" style=\"text-align: justify;\"><span class=\"elementor-icon-list-icon\"><i aria-hidden=\"true\" class=\"fas fa-dot-circle\"><\/i><\/span><span class=\"elementor-icon-list-text\">Organizar actividades que se adapten a las necesidades de las personas con discapacidad que se van a atender, para potenciar sus capacidades y superar en lo posible sus limitaciones.<\/span><span class=\"elementor-icon-list-text\"><\/span><\/li>\n<\/ul>\n<p style=\"text-align: justify;\"><span class=\"elementor-icon-list-text\"><\/span><\/p>\n<p style=\"text-align: justify;\"><span class=\"elementor-icon-list-text\"><\/span><\/p>\n<p style=\"text-align: justify;\"><span class=\"elementor-icon-list-text\"><\/span><\/p>\n<\/div>\n<\/div>\n<div class=\"elementor-element elementor-element-7aa7b11 elementor-widget elementor-widget-heading animated fadeIn\" data-id=\"7aa7b11\" data-element_type=\"widget\" data-settings=\"{&quot;_animation&quot;:&quot;fadeIn&quot;,&quot;_animation_delay&quot;:200}\" data-widget_type=\"heading.default\" style=\"text-align: justify;\">\n<div class=\"elementor-widget-container\">\n<h2 class=\"elementor-heading-title elementor-size-default\"><strong>Salud y Seguridad<\/strong><\/h2>\n<\/div>\n<\/div>\n<div class=\"elementor-element elementor-element-00055ea elementor-widget elementor-widget-text-editor\" data-id=\"00055ea\" data-element_type=\"widget\" data-widget_type=\"text-editor.default\" style=\"text-align: justify;\">\n<div class=\"elementor-widget-container\">\n<p class=\"tw-data-text tw-text-large XcVN5d tw-ta\" dir=\"ltr\" data-placeholder=\"Traducci\u00f3n\"><span lang=\"es\"><\/span><\/p>\n<p id=\"tw-target-text\" class=\"tw-data-text tw-text-large XcVN5d tw-ta\" dir=\"ltr\" data-placeholder=\"Traducci\u00f3n\"><span lang=\"es\">La salud y la seguridad de su hijo son nuestra principal prioridad. Nuestros centros tienen pautas estrictas de limpieza y seguridad y estamos orgullosos de ser reconocidos como un modelo de salud y bienestar para los centros de cuidado infantil.<\/span><\/p>\n<p id=\"tw-target-text\" class=\"tw-data-text tw-text-large XcVN5d tw-ta\" dir=\"ltr\" data-placeholder=\"Traducci\u00f3n\"><span lang=\"es\">En<span>\u00a0<\/span><strong>Abriendo Camino<\/strong>, hacemos de la salud y seguridad de su hijo nuestra m\u00e1xima prioridad. Nuestros est\u00e1ndares son los m\u00e1s altos de la industria y cumplen o superan todas las pautas locales y estatales.<\/span><\/p>\n<p id=\"tw-target-text\" class=\"tw-data-text tw-text-large XcVN5d tw-ta\" dir=\"ltr\" data-placeholder=\"Traducci\u00f3n\"><span lang=\"es\">Nuestro centro de educaci\u00f3n infantil y\u00a0 temprana y incluye:<\/span><\/p>\n<\/div>\n<\/div>\n<div class=\"elementor-element elementor-element-c79032c elementor-align-left elementor-icon-list--layout-traditional elementor-list-item-link-full_width elementor-widget elementor-widget-icon-list\" data-id=\"c79032c\" data-element_type=\"widget\" data-widget_type=\"icon-list.default\">\n<div class=\"elementor-widget-container\">\n<ul class=\"elementor-icon-list-items\">\n<li class=\"elementor-icon-list-item\" style=\"text-align: justify;\"><span class=\"elementor-icon-list-icon\"><i aria-hidden=\"true\" class=\"fas fa-dot-circle\"><\/i><\/span><span class=\"elementor-icon-list-text\">Espacios bien planificados con esquinas redondeadas y superficies suaves.<\/span><\/li>\n<li class=\"elementor-icon-list-item\" style=\"text-align: justify;\"><span class=\"elementor-icon-list-icon\"><i aria-hidden=\"true\" class=\"fas fa-dot-circle\"><\/i><\/span><span class=\"elementor-icon-list-text\">\u00c1reas seguras que mantienen a los ni\u00f1os constantemente a la vista.<\/span><\/li>\n<li class=\"elementor-icon-list-item\" style=\"text-align: justify;\"><span class=\"elementor-icon-list-icon\"><i aria-hidden=\"true\" class=\"fas fa-dot-circle\"><\/i><\/span><span class=\"elementor-icon-list-text\">Registro de entrada personal para garantizar la seguridad.<\/span><\/li>\n<\/ul>\n<\/div>\n<\/div>\n<p>[\/et_pb_text][\/et_pb_column][et_pb_column type=\u00bb1_2&#8243; _builder_version=\u00bb4.27.0&#8243; _module_preset=\u00bbdefault\u00bb global_colors_info=\u00bb{}\u00bb][et_pb_image src=\u00bbhttps:\/\/nueva.abriendocamino.org\/wp-content\/uploads\/2024\/09\/35925287_2187582414810425_3869516575916687360_n.webp\u00bb title_text=\u00bb35925287_2187582414810425_3869516575916687360_n\u00bb _builder_version=\u00bb4.27.0&#8243; _module_preset=\u00bbdefault\u00bb border_radii=\u00bbon|20px|20px|20px|20px\u00bb global_colors_info=\u00bb{}\u00bb][\/et_pb_image][\/et_pb_column][\/et_pb_row][\/et_pb_section][et_pb_section fb_built=\u00bb1&#8243; custom_padding_last_edited=\u00bbon|phone\u00bb admin_label=\u00bbCall to Action\u00bb _builder_version=\u00bb4.27.0&#8243; _module_preset=\u00bbdefault\u00bb background_color=\u00bb#242424&#8243; use_background_color_gradient=\u00bbon\u00bb background_color_gradient_direction=\u00bb280deg\u00bb background_color_gradient_stops=\u00bbrgba(0,0,0,0) 0%|rgba(0,0,0,0.86) 64%\u00bb background_color_gradient_overlays_image=\u00bbon\u00bb background_color_gradient_start=\u00bbrgba(0,0,0,0)\u00bb background_color_gradient_end=\u00bbrgba(0,0,0,0.86)\u00bb background_color_gradient_end_position=\u00bb64%\u00bb background_image=\u00bbhttps:\/\/nueva.abriendocamino.org\/wp-content\/uploads\/2024\/09\/ebccb42e-878f-4ea4-a64c-94ce67104d86-scaled.jpg\u00bb custom_margin=\u00bb||||false|true\u00bb custom_padding=\u00bb120px||120px||true|false\u00bb custom_padding_tablet=\u00bb60px||60px||true|false\u00bb custom_padding_phone=\u00bb0px||0px||true|false\u00bb locked=\u00bboff\u00bb global_colors_info=\u00bb{}\u00bb][et_pb_row _builder_version=\u00bb4.27.0&#8243; _module_preset=\u00bbdefault\u00bb locked=\u00bboff\u00bb global_colors_info=\u00bb{}\u00bb][et_pb_column type=\u00bb4_4&#8243; _builder_version=\u00bb4.16&#8243; _module_preset=\u00bbdefault\u00bb global_colors_info=\u00bb{}\u00bb][et_pb_text _builder_version=\u00bb4.27.0&#8243; _module_preset=\u00bbdefault\u00bb header_2_font=\u00bbPatua One||||||||\u00bb header_2_font_size=\u00bb80px\u00bb header_2_line_height=\u00bb1.1em\u00bb background_layout=\u00bbdark\u00bb max_width=\u00bb700px\u00bb header_2_font_size_tablet=\u00bb40px\u00bb header_2_font_size_phone=\u00bb24px\u00bb header_2_font_size_last_edited=\u00bbon|phone\u00bb global_colors_info=\u00bb{}\u00bb]<\/p>\n<h2>Nuestros servicios<\/h2>\n<p>[\/et_pb_text][et_pb_button button_url=\u00bbhttps:\/\/nueva.abriendocamino.org\/?page_id=134&#8243; button_text=\u00bbVer m\u00e1s\u00bb button_alignment=\u00bbleft\u00bb button_text_last_edited=\u00bboff|desktop\u00bb _builder_version=\u00bb4.27.0&#8243; _module_preset=\u00bbdefault\u00bb custom_button=\u00bbon\u00bb button_text_size=\u00bb14px\u00bb button_text_color=\u00bb#ffffff\u00bb button_bg_color=\u00bb#dec098&#8243; button_border_width=\u00bb0px\u00bb button_border_radius=\u00bb25px\u00bb button_letter_spacing=\u00bb4px\u00bb button_font=\u00bb|700||on|||||\u00bb custom_padding=\u00bb20px|60px|20px|60px|true|true\u00bb locked=\u00bboff\u00bb global_colors_info=\u00bb{}\u00bb][\/et_pb_button][\/et_pb_column][\/et_pb_row][\/et_pb_section]<\/p>\n","protected":false},"excerpt":{"rendered":"<p>Sobre nosotros La Asociaci\u00f3n de Discapacitados Abriendo Camino de Meng\u00edbar y Comarca est\u00e1 compuesta por un grupo de personas comprometidas con un prop\u00f3sito com\u00fan: mejorar la calidad de vida de las personas con discapacidad y de sus familias. Desde su creaci\u00f3n el 21 de noviembre de 2001, esta organizaci\u00f3n, de naturaleza asociativa y sin \u00e1nimo [&hellip;]<\/p>\n","protected":false},"author":1,"featured_media":0,"parent":0,"menu_order":0,"comment_status":"closed","ping_status":"closed","template":"","meta":{"_et_pb_use_builder":"on","_et_pb_old_content":"","_et_gb_content_width":"","footnotes":""},"class_list":["post-144","page","type-page","status-publish","hentry"],"_links":{"self":[{"href":"https:\/\/nueva.abriendocamino.org\/index.php?rest_route=\/wp\/v2\/pages\/144","targetHints":{"allow":["GET"]}}],"collection":[{"href":"https:\/\/nueva.abriendocamino.org\/index.php?rest_route=\/wp\/v2\/pages"}],"about":[{"href":"https:\/\/nueva.abriendocamino.org\/index.php?rest_route=\/wp\/v2\/types\/page"}],"author":[{"embeddable":true,"href":"https:\/\/nueva.abriendocamino.org\/index.php?rest_route=\/wp\/v2\/users\/1"}],"replies":[{"embeddable":true,"href":"https:\/\/nueva.abriendocamino.org\/index.php?rest_route=%2Fwp%2Fv2%2Fcomments&post=144"}],"version-history":[{"count":18,"href":"https:\/\/nueva.abriendocamino.org\/index.php?rest_route=\/wp\/v2\/pages\/144\/revisions"}],"predecessor-version":[{"id":510,"href":"https:\/\/nueva.abriendocamino.org\/index.php?rest_route=\/wp\/v2\/pages\/144\/revisions\/510"}],"wp:attachment":[{"href":"https:\/\/nueva.abriendocamino.org\/index.php?rest_route=%2Fwp%2Fv2%2Fmedia&parent=144"}],"curies":[{"name":"wp","href":"https:\/\/api.w.org\/{rel}","templated":true}]}}