{"id":115,"date":"2024-09-05T10:35:03","date_gmt":"2024-09-05T10:35:03","guid":{"rendered":"https:\/\/nueva.abriendocamino.org\/?page_id=115"},"modified":"2024-12-03T10:20:13","modified_gmt":"2024-12-03T10:20:13","slug":"115-2","status":"publish","type":"page","link":"https:\/\/nueva.abriendocamino.org\/","title":{"rendered":"Inicio"},"content":{"rendered":"<p>[et_pb_section fb_built=\u00bb1&#8243; admin_label=\u00bbHeader\u00bb _builder_version=\u00bb4.27.0&#8243; _module_preset=\u00bbdefault\u00bb background_color=\u00bb#fbf8f5&#8243; background_enable_image=\u00bboff\u00bb custom_padding=\u00bb0vw||0px||false|false\u00bb locked=\u00bboff\u00bb global_colors_info=\u00bb{}\u00bb][et_pb_row column_structure=\u00bb1_2,1_2&#8243; make_equal=\u00bbon\u00bb _builder_version=\u00bb4.27.0&#8243; _module_preset=\u00bbdefault\u00bb width=\u00bb100%\u00bb module_alignment=\u00bbcenter\u00bb custom_margin=\u00bb0px|10px|60px|10px|false|false\u00bb custom_padding=\u00bb30px|0px|0px|0px|false|false\u00bb locked=\u00bboff\u00bb global_colors_info=\u00bb{}\u00bb][et_pb_column type=\u00bb1_2&#8243; _builder_version=\u00bb4.27.0&#8243; _module_preset=\u00bbdefault\u00bb background_enable_image=\u00bboff\u00bb background_size=\u00bbcontain\u00bb background_position=\u00bbtop_left\u00bb custom_padding=\u00bb0px|0px|0px|0px|false|false\u00bb custom_padding_tablet=\u00bb0vw||||false|false\u00bb custom_padding_phone=\u00bb||||false|false\u00bb custom_padding_last_edited=\u00bbon|phone\u00bb global_colors_info=\u00bb{}\u00bb][et_pb_image src=\u00bbhttps:\/\/nueva.abriendocamino.org\/wp-content\/uploads\/2024\/08\/4.webp\u00bb title_text=\u00bb4&#8243; _builder_version=\u00bb4.27.0&#8243; _module_preset=\u00bbdefault\u00bb custom_margin=\u00bb0px|0px|0px|0px|false|false\u00bb custom_padding=\u00bb0px|8px|0px|8px|false|false\u00bb global_colors_info=\u00bb{}\u00bb][\/et_pb_image][et_pb_button button_url=\u00bbhttps:\/\/nueva.abriendocamino.org\/?page_id=144&#8243; button_text=\u00bbCon\u00f3cenos\u00bb button_alignment=\u00bbright\u00bb _builder_version=\u00bb4.27.0&#8243; _module_preset=\u00bbdefault\u00bb custom_button=\u00bbon\u00bb button_text_size=\u00bb16px\u00bb button_text_color=\u00bb#ffffff\u00bb button_bg_color=\u00bbgcid-body-color\u00bb button_border_width=\u00bb0px\u00bb button_border_radius=\u00bb35px\u00bb button_letter_spacing=\u00bb11px\u00bb button_font=\u00bb|700||on|||||\u00bb custom_margin=\u00bb22px|0px|6px|0px|false|false\u00bb custom_margin_tablet=\u00bb30px|0px|||false|false\u00bb custom_margin_phone=\u00bb|10px|||false|false\u00bb custom_margin_last_edited=\u00bbon|phone\u00bb custom_padding=\u00bb15px|30px|15px|30px|true|true\u00bb custom_padding_tablet=\u00bb20px|20px|20px|20px|true|true\u00bb custom_padding_phone=\u00bb\u00bb custom_padding_last_edited=\u00bbon|desktop\u00bb button_text_size_tablet=\u00bb\u00bb button_text_size_phone=\u00bb11px\u00bb button_text_size_last_edited=\u00bbon|phone\u00bb locked=\u00bboff\u00bb global_colors_info=\u00bb{%22gcid-body-color%22:%91%22button_bg_color%22%93}\u00bb][\/et_pb_button][\/et_pb_column][et_pb_column type=\u00bb1_2&#8243; _builder_version=\u00bb4.27.0&#8243; _module_preset=\u00bbdefault\u00bb background_image=\u00bbhttps:\/\/nueva.abriendocamino.org\/wp-content\/uploads\/2024\/08\/h-20.webp\u00bb background_size=\u00bbcontain\u00bb background_blend=\u00bbmultiply\u00bb border_radii=\u00bbon|20px|20px|20px|20px\u00bb box_shadow_style=\u00bbpreset3&#8243; box_shadow_vertical=\u00bb48px\u00bb box_shadow_blur=\u00bb120px\u00bb box_shadow_spread=\u00bb-16px\u00bb global_colors_info=\u00bb{}\u00bb][et_pb_divider show_divider=\u00bboff\u00bb _builder_version=\u00bb4.27.0&#8243; _module_preset=\u00bbdefault\u00bb min_height_tablet=\u00bb60vw\u00bb min_height_phone=\u00bb60vw\u00bb min_height_last_edited=\u00bbon|phone\u00bb global_colors_info=\u00bb{}\u00bb][\/et_pb_divider][\/et_pb_column][\/et_pb_row][et_pb_row _builder_version=\u00bb4.27.0&#8243; _module_preset=\u00bbdefault\u00bb global_colors_info=\u00bb{}\u00bb][et_pb_column type=\u00bb4_4&#8243; _builder_version=\u00bb4.27.0&#8243; _module_preset=\u00bbdefault\u00bb global_colors_info=\u00bb{}\u00bb][et_pb_text _builder_version=\u00bb4.27.0&#8243; _module_preset=\u00bbdefault\u00bb header_2_font=\u00bbPatua One||||||||\u00bb header_2_font_size=\u00bb80px\u00bb header_2_line_height=\u00bb1.2em\u00bb text_orientation=\u00bbcenter\u00bb background_layout=\u00bbdark\u00bb header_2_font_size_tablet=\u00bb40px\u00bb header_2_font_size_phone=\u00bb24px\u00bb header_2_font_size_last_edited=\u00bbon|phone\u00bb global_colors_info=\u00bb{}\u00bb]<\/p>\n<h3><strong><span style=\"color: #000000;\">\u00abPorque sus necesidades son las nuestras\u00bb<\/span><\/strong><\/h3>\n<p>[\/et_pb_text][\/et_pb_column][\/et_pb_row][et_pb_row column_structure=\u00bb1_4,1_4,1_4,1_4&#8243; use_custom_gutter=\u00bbon\u00bb gutter_width=\u00bb2&#8243; make_equal=\u00bbon\u00bb _builder_version=\u00bb4.27.0&#8243; _module_preset=\u00bbdefault\u00bb background_color=\u00bb#f8f4f1&#8243; width=\u00bb100%\u00bb module_alignment=\u00bbcenter\u00bb min_height=\u00bb337.3px\u00bb custom_margin=\u00bb10px|10px|0px|10px|false|false\u00bb custom_padding=\u00bb0px|5px|25px|5px|false|false\u00bb global_colors_info=\u00bb{}\u00bb][et_pb_column type=\u00bb1_4&#8243; _builder_version=\u00bb4.27.0&#8243; _module_preset=\u00bbdefault\u00bb background_enable_color=\u00bboff\u00bb custom_padding=\u00bb10px|30px|10px|10px|false|false\u00bb border_radii=\u00bbon|10px|10px|10px|10px\u00bb border_width_all=\u00bb1px\u00bb global_colors_info=\u00bb{}\u00bb][et_pb_image src=\u00bbhttps:\/\/nueva.abriendocamino.org\/wp-content\/uploads\/2024\/09\/979011-removebg-preview.png\u00bb title_text=\u00bb979011-removebg-preview\u00bb _builder_version=\u00bb4.27.0&#8243; _module_preset=\u00bbdefault\u00bb width=\u00bb30%\u00bb custom_margin=\u00bb||24px||false|false\u00bb custom_padding=\u00bb7px||||false|false\u00bb global_colors_info=\u00bb{}\u00bb][\/et_pb_image][et_pb_text _builder_version=\u00bb4.27.0&#8243; _module_preset=\u00bbdefault\u00bb global_colors_info=\u00bb{}\u00bb]<\/p>\n<ul>\n<li>TEL o TDL<\/li>\n<li>Dislexia<\/li>\n<li>Disortograf\u00eda<\/li>\n<li>Trastorno del espectro autista (TEA)<\/li>\n<li>Trastorno del lenguaje y la comunicaci\u00f3n<\/li>\n<\/ul>\n<p>[\/et_pb_text][\/et_pb_column][et_pb_column type=\u00bb1_4&#8243; _builder_version=\u00bb4.27.0&#8243; _module_preset=\u00bbdefault\u00bb background_color=\u00bb#f8f4f1&#8243; custom_padding=\u00bb10px|10px|10px|10px|false|false\u00bb border_radii=\u00bbon|10px|10px|10px|10px\u00bb border_width_all=\u00bb1px\u00bb global_colors_info=\u00bb{}\u00bb][et_pb_image src=\u00bbhttps:\/\/nueva.abriendocamino.org\/wp-content\/uploads\/2024\/09\/psychology-icon-design-free-vector-removebg-preview.png\u00bb title_text=\u00bbpsychology-icon-design-free-vector-removebg-preview\u00bb _builder_version=\u00bb4.27.0&#8243; _module_preset=\u00bbdefault\u00bb width=\u00bb30%\u00bb custom_margin=\u00bb||21px||false|false\u00bb custom_padding=\u00bb0px||||false|false\u00bb global_colors_info=\u00bb{}\u00bb][\/et_pb_image][et_pb_text _builder_version=\u00bb4.27.0&#8243; _module_preset=\u00bbdefault\u00bb custom_margin=\u00bb||-2px|||\u00bb global_colors_info=\u00bb{}\u00bb]<\/p>\n<ul>\n<li>Patolog\u00edas que afecten al aprendizaje, socializaci\u00f3n y funciones ejecutivas<\/li>\n<li>TEA<\/li>\n<li>Trastorno por d\u00e9ficit de atenci\u00f3n con hiperactividad (TDAH)<\/li>\n<\/ul>\n<p>[\/et_pb_text][\/et_pb_column][et_pb_column type=\u00bb1_4&#8243; _builder_version=\u00bb4.27.0&#8243; _module_preset=\u00bbdefault\u00bb custom_padding=\u00bb10px|10px|10px|10px|false|false\u00bb border_radii=\u00bbon|10px|10px|10px|10px\u00bb border_width_all=\u00bb1px\u00bb global_colors_info=\u00bb{}\u00bb][et_pb_image src=\u00bbhttps:\/\/nueva.abriendocamino.org\/wp-content\/uploads\/2024\/09\/6180520-removebg-preview.png\u00bb title_text=\u00bb6180520-removebg-preview\u00bb _builder_version=\u00bb4.27.0&#8243; _module_preset=\u00bbdefault\u00bb width=\u00bb30%\u00bb custom_padding=\u00bb5px||||false|false\u00bb global_colors_info=\u00bb{}\u00bb][\/et_pb_image][et_pb_text _builder_version=\u00bb4.27.0&#8243; _module_preset=\u00bbdefault\u00bb global_colors_info=\u00bb{}\u00bb]<\/p>\n<ul>\n<li>Da\u00f1o cerebral adquirido infantil<\/li>\n<li>Lesiones medulares, musculares y articulares<\/li>\n<li>Displasia<\/li>\n<li>ATM<\/li>\n<li>Tratamientos respiratorios<\/li>\n<li>Desarrollo motor<\/li>\n<\/ul>\n<p>[\/et_pb_text][\/et_pb_column][et_pb_column type=\u00bb1_4&#8243; _builder_version=\u00bb4.27.0&#8243; _module_preset=\u00bbdefault\u00bb custom_padding=\u00bb10px|10px|10px|10px|false|false\u00bb border_radii=\u00bbon|10px|10px|10px|10px\u00bb border_width_all=\u00bb1px\u00bb global_colors_info=\u00bb{}\u00bb][et_pb_image src=\u00bbhttps:\/\/nueva.abriendocamino.org\/wp-content\/uploads\/2024\/09\/support-gift-signs-minimalistic-isolated-600nw-2215971519-removebg-preview.png\u00bb title_text=\u00bbsupport-gift-signs-minimalistic-isolated-600nw-2215971519-removebg-preview\u00bb _builder_version=\u00bb4.27.0&#8243; _module_preset=\u00bbdefault\u00bb width=\u00bb40%\u00bb custom_margin=\u00bb-10px||29px||false|false\u00bb custom_padding=\u00bb0px||0px||false|false\u00bb global_colors_info=\u00bb{}\u00bb][\/et_pb_image][et_pb_text _builder_version=\u00bb4.27.0&#8243; _module_preset=\u00bbdefault\u00bb custom_margin=\u00bb-44px|||||\u00bb custom_padding=\u00bb18px|||||\u00bb global_colors_info=\u00bb{}\u00bb]<\/p>\n<ul>\n<li>Infantil<\/li>\n<li>Primaria<\/li>\n<li>Secundaria<\/li>\n<li>Refuerzo escolar<\/li>\n<li>Idiomas<\/li>\n<li>NEAE (Necesidades Espec\u00edficas de Apoyo Educativo) (Solo Sede Meng\u00edbar)<\/li>\n<\/ul>\n<p>[\/et_pb_text][\/et_pb_column][\/et_pb_row][\/et_pb_section][et_pb_section fb_built=\u00bb1&#8243; custom_padding_last_edited=\u00bbon|phone\u00bb admin_label=\u00bbCall to Action\u00bb _builder_version=\u00bb4.27.0&#8243; _module_preset=\u00bbdefault\u00bb background_color=\u00bb#fbf8f5&#8243; background_enable_image=\u00bboff\u00bb custom_padding=\u00bb70px||70px||true|false\u00bb custom_padding_tablet=\u00bb60px||60px||true|false\u00bb custom_padding_phone=\u00bb0px||0px||true|false\u00bb locked=\u00bboff\u00bb global_colors_info=\u00bb{}\u00bb][et_pb_row _builder_version=\u00bb4.27.0&#8243; _module_preset=\u00bbdefault\u00bb max_width=\u00bbnone\u00bb global_colors_info=\u00bb{}\u00bb][et_pb_column type=\u00bb4_4&#8243; _builder_version=\u00bb4.16&#8243; _module_preset=\u00bbdefault\u00bb global_colors_info=\u00bb{}\u00bb][et_pb_text _builder_version=\u00bb4.27.0&#8243; _module_preset=\u00bbdefault\u00bb header_2_font=\u00bbPatua One||||||||\u00bb header_2_font_size=\u00bb8vw\u00bb text_orientation=\u00bbcenter\u00bb hover_enabled=\u00bb0&#8243; header_2_font_size_tablet=\u00bb50px\u00bb header_2_font_size_phone=\u00bb30px\u00bb header_2_font_size_last_edited=\u00bboff|desktop\u00bb global_colors_info=\u00bb{}\u00bb header_3_font=\u00bbPatua One||||||||\u00bb header_3_font_size=\u00bb40px\u00bb sticky_enabled=\u00bb0&#8243;]<\/p>\n<h3>Ven y mira a tu alrededor<\/h3>\n<p>[\/et_pb_text][et_pb_text _builder_version=\u00bb4.27.0&#8243; _module_preset=\u00bbdefault\u00bb text_font_size=\u00bb16px\u00bb text_line_height=\u00bb1.8em\u00bb text_orientation=\u00bbcenter\u00bb max_width=\u00bb700px\u00bb module_alignment=\u00bbcenter\u00bb min_height=\u00bb87.4px\u00bb text_font_size_tablet=\u00bb\u00bb text_font_size_phone=\u00bb14px\u00bb text_font_size_last_edited=\u00bbon|desktop\u00bb locked=\u00bboff\u00bb global_colors_info=\u00bb{}\u00bb]<\/p>\n<p>Explora el mundo de Abriendo Camino, cada rinc\u00f3n est\u00e1 pensado para mejorar la vida de personas con discapacidad y sus familias. A trav\u00e9s de nuestros servicios y proyectos, te mostramos c\u00f3mo juntos podemos construir un futuro lleno de posibilidades.<\/p>\n<p>[\/et_pb_text][et_pb_image src=\u00bbhttps:\/\/nueva.abriendocamino.org\/wp-content\/uploads\/2024\/09\/0ab83505-c8e3-4c00-bbd1-b9266bba9083.png\u00bb title_text=\u00bb0ab83505-c8e3-4c00-bbd1-b9266bba9083&#8243; align=\u00bbcenter\u00bb src_tablet=\u00bbhttps:\/\/nueva.abriendocamino.org\/wp-content\/uploads\/2024\/09\/2026342d-ce9d-4986-82c5-83bc98ee01f6-scaled.jpg\u00bb src_phone=\u00bbhttps:\/\/nueva.abriendocamino.org\/wp-content\/uploads\/2024\/09\/2026342d-ce9d-4986-82c5-83bc98ee01f6-scaled.jpg\u00bb src_last_edited=\u00bbon|desktop\u00bb _builder_version=\u00bb4.27.0&#8243; _module_preset=\u00bbdefault\u00bb width=\u00bb60%\u00bb hover_enabled=\u00bb0&#8243; global_colors_info=\u00bb{}\u00bb src__hover_enabled=\u00bboff|desktop\u00bb sticky_enabled=\u00bb0&#8243;][\/et_pb_image][\/et_pb_column][\/et_pb_row][\/et_pb_section][et_pb_section fb_built=\u00bb1&#8243; admin_label=\u00bbPricing\u00bb _builder_version=\u00bb4.27.0&#8243; _module_preset=\u00bbdefault\u00bb background_color=\u00bb#242424&#8243; background_enable_image=\u00bboff\u00bb custom_padding=\u00bb20px||||false|false\u00bb locked=\u00bboff\u00bb global_colors_info=\u00bb{}\u00bb][et_pb_row _builder_version=\u00bb4.16&#8243; _module_preset=\u00bbdefault\u00bb min_height=\u00bb52px\u00bb global_colors_info=\u00bb{}\u00bb][et_pb_column type=\u00bb4_4&#8243; _builder_version=\u00bb4.16&#8243; _module_preset=\u00bbdefault\u00bb global_colors_info=\u00bb{}\u00bb][et_pb_text _builder_version=\u00bb4.27.0&#8243; _module_preset=\u00bbdefault\u00bb header_2_font=\u00bbPatua One||||||||\u00bb header_2_font_size=\u00bb80px\u00bb header_2_line_height=\u00bb1.2em\u00bb text_orientation=\u00bbcenter\u00bb background_layout=\u00bbdark\u00bb header_2_font_size_tablet=\u00bb40px\u00bb header_2_font_size_phone=\u00bb24px\u00bb header_2_font_size_last_edited=\u00bbon|phone\u00bb global_colors_info=\u00bb{}\u00bb]<\/p>\n<h3><span style=\"color: #ffffff;\"><strong>\u00c1reas de Atenci\u00f3n<\/strong><\/span><\/h3>\n<p>[\/et_pb_text][\/et_pb_column][\/et_pb_row][et_pb_row column_structure=\u00bb1_3,1_3,1_3&#8243; use_custom_gutter=\u00bbon\u00bb make_equal=\u00bbon\u00bb _builder_version=\u00bb4.27.0&#8243; _module_preset=\u00bbdefault\u00bb background_color=\u00bb#f8f4f1&#8243; width=\u00bbauto\u00bb module_alignment=\u00bbcenter\u00bb custom_margin=\u00bb|2px||2px|false|true\u00bb custom_padding=\u00bb|25px||25px|true|false\u00bb border_radii=\u00bbon|20px|20px|20px|20px\u00bb locked=\u00bboff\u00bb global_colors_info=\u00bb{}\u00bb][et_pb_column type=\u00bb1_3&#8243; _builder_version=\u00bb4.27.0&#8243; _module_preset=\u00bbdefault\u00bb background_enable_color=\u00bboff\u00bb custom_padding=\u00bb40px|40px|40px|40px|true|true\u00bb custom_padding_tablet=\u00bb30px|30px|30px|30px|true|true\u00bb custom_padding_phone=\u00bb20px|20px|20px|20px|true|true\u00bb custom_padding_last_edited=\u00bbon|phone\u00bb border_radii=\u00bbon|10px|10px|10px|10px\u00bb border_width_all=\u00bb1px\u00bb global_colors_info=\u00bb{}\u00bb][et_pb_blurb title=\u00bbTrabajo social\u00bb url=\u00bbhttps:\/\/nueva.abriendocamino.org\/?page_id=134&#8243; image=\u00bbhttps:\/\/nueva.abriendocamino.org\/wp-content\/uploads\/2024\/09\/png-transparent-social-work-social-services-computer-icons-social-work-text-hand-logo-removebg-preview.png\u00bb image_icon_width=\u00bb60%\u00bb _builder_version=\u00bb4.27.0&#8243; _module_preset=\u00bbdefault\u00bb header_text_align=\u00bbcenter\u00bb body_text_align=\u00bbcenter\u00bb global_colors_info=\u00bb{}\u00bb]<\/p>\n<p>Meng\u00edbar<\/p>\n<p>[\/et_pb_blurb][\/et_pb_column][et_pb_column type=\u00bb1_3&#8243; _builder_version=\u00bb4.27.0&#8243; _module_preset=\u00bbdefault\u00bb background_enable_color=\u00bboff\u00bb custom_padding=\u00bb40px|40px|40px|40px|true|true\u00bb custom_padding_tablet=\u00bb30px|30px|30px|30px|true|true\u00bb custom_padding_phone=\u00bb20px|20px|20px|20px|true|true\u00bb custom_padding_last_edited=\u00bbon|phone\u00bb border_radii=\u00bbon|10px|10px|10px|10px\u00bb border_width_all=\u00bb1px\u00bb global_colors_info=\u00bb{}\u00bb][et_pb_blurb title=\u00bbAtenci\u00f3n temprana\u00bb url=\u00bbhttps:\/\/nueva.abriendocamino.org\/?page_id=134&#8243; image=\u00bbhttps:\/\/nueva.abriendocamino.org\/wp-content\/uploads\/2024\/09\/icono-05-removebg-preview.png\u00bb image_icon_width=\u00bb64%\u00bb _builder_version=\u00bb4.27.0&#8243; _module_preset=\u00bbdefault\u00bb header_text_align=\u00bbcenter\u00bb body_text_align=\u00bbcenter\u00bb global_colors_info=\u00bb{}\u00bb]<\/p>\n<p>Mengibar<\/p>\n<p>Villagordo<\/p>\n<p>[\/et_pb_blurb][\/et_pb_column][et_pb_column type=\u00bb1_3&#8243; _builder_version=\u00bb4.27.0&#8243; _module_preset=\u00bbdefault\u00bb background_enable_color=\u00bboff\u00bb custom_padding=\u00bb40px|40px|40px|40px|true|true\u00bb custom_padding_tablet=\u00bb30px|30px|30px|30px|true|true\u00bb custom_padding_phone=\u00bb20px|20px|20px|20px|true|true\u00bb custom_padding_last_edited=\u00bbon|phone\u00bb border_radii=\u00bbon|10px|10px|10px|10px\u00bb border_width_all=\u00bb1px\u00bb global_colors_info=\u00bb{}\u00bb][et_pb_blurb title=\u00bbAtenci\u00f3n Adultos: Proyecto Pro-Mueve-Vida \u00bb url=\u00bbhttps:\/\/nueva.abriendocamino.org\/?page_id=134&#8243; image=\u00bbhttps:\/\/nueva.abriendocamino.org\/wp-content\/uploads\/2024\/09\/Captura_de_pantalla_2024-09-09_134527-removebg-preview.png\u00bb image_icon_width=\u00bb81%\u00bb _builder_version=\u00bb4.27.0&#8243; _module_preset=\u00bbdefault\u00bb header_text_align=\u00bbcenter\u00bb body_text_align=\u00bbcenter\u00bb global_colors_info=\u00bb{}\u00bb]<\/p>\n<p>Mengibar<\/p>\n<p>[\/et_pb_blurb][\/et_pb_column][\/et_pb_row][\/et_pb_section][et_pb_section fb_built=\u00bb1&#8243; custom_padding_last_edited=\u00bbon|phone\u00bb admin_label=\u00bbCall to Action\u00bb _builder_version=\u00bb4.27.0&#8243; _module_preset=\u00bbdefault\u00bb background_color=\u00bb#fbf8f5&#8243; background_enable_image=\u00bboff\u00bb custom_padding=\u00bb70px||70px||true|false\u00bb custom_padding_tablet=\u00bb60px||60px||true|false\u00bb custom_padding_phone=\u00bb0px||0px||true|false\u00bb locked=\u00bboff\u00bb global_colors_info=\u00bb{}\u00bb theme_builder_area=\u00bbpost_content\u00bb][et_pb_row _builder_version=\u00bb4.27.0&#8243; _module_preset=\u00bbdefault\u00bb max_width=\u00bbnone\u00bb global_colors_info=\u00bb{}\u00bb theme_builder_area=\u00bbpost_content\u00bb][et_pb_column type=\u00bb4_4&#8243; _builder_version=\u00bb4.16&#8243; _module_preset=\u00bbdefault\u00bb global_colors_info=\u00bb{}\u00bb theme_builder_area=\u00bbpost_content\u00bb][et_pb_text _builder_version=\u00bb4.27.0&#8243; _module_preset=\u00bbdefault\u00bb header_2_font=\u00bbPatua One||||||||\u00bb header_2_font_size=\u00bb8vw\u00bb text_orientation=\u00bbcenter\u00bb hover_enabled=\u00bb0&#8243; header_2_font_size_tablet=\u00bb50px\u00bb header_2_font_size_phone=\u00bb30px\u00bb header_2_font_size_last_edited=\u00bboff|desktop\u00bb global_colors_info=\u00bb{}\u00bb theme_builder_area=\u00bbpost_content\u00bb sticky_enabled=\u00bb0&#8243; header_3_font_size=\u00bb40px\u00bb header_3_font=\u00bbPatua One||||||||\u00bb]<\/p>\n<h3>Construyendo oportunidades para un futuro inclusivo<\/h3>\n<p>[\/et_pb_text][et_pb_image src=\u00bbhttps:\/\/nueva.abriendocamino.org\/wp-content\/uploads\/2024\/09\/a997f7aa-e494-4bb9-8c26-74464b94852d-1-scaled.jpg\u00bb title_text=\u00bba997f7aa-e494-4bb9-8c26-74464b94852d (1)\u00bb align=\u00bbcenter\u00bb src_tablet=\u00bbhttps:\/\/nueva.abriendocamino.org\/wp-content\/uploads\/2024\/09\/2026342d-ce9d-4986-82c5-83bc98ee01f6-scaled.jpg\u00bb src_phone=\u00bbhttps:\/\/nueva.abriendocamino.org\/wp-content\/uploads\/2024\/09\/2026342d-ce9d-4986-82c5-83bc98ee01f6-scaled.jpg\u00bb src_last_edited=\u00bbon|desktop\u00bb _builder_version=\u00bb4.27.0&#8243; _module_preset=\u00bbdefault\u00bb width=\u00bb60%\u00bb hover_enabled=\u00bb0&#8243; global_colors_info=\u00bb{}\u00bb src__hover_enabled=\u00bboff|desktop\u00bb theme_builder_area=\u00bbpost_content\u00bb sticky_enabled=\u00bb0&#8243;][\/et_pb_image][\/et_pb_column][\/et_pb_row][\/et_pb_section]<\/p>\n","protected":false},"excerpt":{"rendered":"<p>\u00abPorque sus necesidades son las nuestras\u00bb TEL o TDL Dislexia Disortograf\u00eda Trastorno del espectro autista (TEA) Trastorno del lenguaje y la comunicaci\u00f3n Patolog\u00edas que afecten al aprendizaje, socializaci\u00f3n y funciones ejecutivas TEA Trastorno por d\u00e9ficit de atenci\u00f3n con hiperactividad (TDAH) Da\u00f1o cerebral adquirido infantil Lesiones medulares, musculares y articulares Displasia ATM Tratamientos respiratorios Desarrollo motor [&hellip;]<\/p>\n","protected":false},"author":1,"featured_media":0,"parent":0,"menu_order":0,"comment_status":"closed","ping_status":"closed","template":"","meta":{"_et_pb_use_builder":"on","_et_pb_old_content":"","_et_gb_content_width":"","footnotes":""},"class_list":["post-115","page","type-page","status-publish","hentry"],"_links":{"self":[{"href":"https:\/\/nueva.abriendocamino.org\/index.php?rest_route=\/wp\/v2\/pages\/115","targetHints":{"allow":["GET"]}}],"collection":[{"href":"https:\/\/nueva.abriendocamino.org\/index.php?rest_route=\/wp\/v2\/pages"}],"about":[{"href":"https:\/\/nueva.abriendocamino.org\/index.php?rest_route=\/wp\/v2\/types\/page"}],"author":[{"embeddable":true,"href":"https:\/\/nueva.abriendocamino.org\/index.php?rest_route=\/wp\/v2\/users\/1"}],"replies":[{"embeddable":true,"href":"https:\/\/nueva.abriendocamino.org\/index.php?rest_route=%2Fwp%2Fv2%2Fcomments&post=115"}],"version-history":[{"count":55,"href":"https:\/\/nueva.abriendocamino.org\/index.php?rest_route=\/wp\/v2\/pages\/115\/revisions"}],"predecessor-version":[{"id":559,"href":"https:\/\/nueva.abriendocamino.org\/index.php?rest_route=\/wp\/v2\/pages\/115\/revisions\/559"}],"wp:attachment":[{"href":"https:\/\/nueva.abriendocamino.org\/index.php?rest_route=%2Fwp%2Fv2%2Fmedia&parent=115"}],"curies":[{"name":"wp","href":"https:\/\/api.w.org\/{rel}","templated":true}]}}